{"id":1000,"date":"2021-06-02T12:06:53","date_gmt":"2021-06-02T12:06:53","guid":{"rendered":"http:\/\/lbrand-v1.site.findly.com\/?page_id=1000"},"modified":"2024-10-10T08:33:35","modified_gmt":"2024-10-10T08:33:35","slug":"centres-de-distribution","status":"publish","type":"page","link":"https:\/\/bathandbodyworks.site.findly.com\/fr\/domaines-demploi\/centres-de-distribution\/","title":{"rendered":"CENTRES DE DISTRIBUTION"},"content":{"rendered":"<p><div class=\"fusion-fullwidth fullwidth-box fusion-builder-row-1 fusion-flex-container bbw_banner_search__container nonhundred-percent-fullwidth non-hundred-percent-height-scrolling\" style=\"--awb-border-radius-top-left:0px;--awb-border-radius-top-right:0px;--awb-border-radius-bottom-right:0px;--awb-border-radius-bottom-left:0px;--awb-padding-top:25px;--awb-background-color:#e5e5e5;--awb-flex-wrap:wrap;\" aria-label=\"\" role=\"\" ><div class=\"fusion-builder-row fusion-row fusion-flex-align-items-center fusion-flex-justify-content-center fusion-flex-content-wrap\" style=\"max-width:calc( 1557px + 20px );margin-left: calc(-20px \/ 2 );margin-right: calc(-20px \/ 2 );\"><div class=\"fusion-layout-column fusion_builder_column fusion-builder-column-0 fusion-flex-column\" style=\"--awb-bg-size:cover;--awb-width-large:88%;--awb-margin-top-large:0px;--awb-spacing-right-large:10px;--awb-margin-bottom-large:20px;--awb-spacing-left-large:10px;--awb-width-medium:100%;--awb-order-medium:0;--awb-spacing-right-medium:10px;--awb-spacing-left-medium:10px;--awb-width-small:100%;--awb-order-small:0;--awb-spacing-right-small:10px;--awb-spacing-left-small:10px;\"><div class=\"fusion-column-wrapper fusion-column-has-shadow fusion-flex-justify-content-flex-start fusion-content-layout-column\"><div class=\"fusion-widget-area awb-widget-area-element fusion-widget-area-1 fusion-content-widget-area\" style=\"--awb-title-color:#666666;--awb-padding:0px 0px 0px 0px;\"><div id=\"widget_job_search_v2-2\" class=\"widget widget-jobsearch widget-jobsearch-v2\" style=\"border-style: solid;border-color:transparent;border-width:0px;\"><form method=\"GET\" id=\"cws_quickjobsearch\" role=\"search\" class=\"clearfix g-cols offset_medium\" action=\"\/fr\/job-search\/\"><div class=\"quicksearch-title first avia-builder-el-first flex_column fusion-layout-column fusion-one-fifth\"><h3 class=\"widgettitle cws-widgetitle\">JOB SEARCH<\/h3><\/div><div class=\"quicksearch-field quicksearch-SearchText  flex_column fusion-layout-column fusion-one-fifth  horizontal\"><div class=\"w-form-row\"><div class=\"w-form-row-label\"><label for=\"cws_quickjobsearch_keywords\">Mots-cl\u00e9s<\/label><\/div><div class=\"w-form-row-field\"><input type=\"text\" class=\"text_input keyword_suggest\" name=\"keyword\" id=\"cws_quickjobsearch_keywords\" data-autocomplete_limit=\"5\" placeholder=\"Recherche par mots-cl\u00e9s\"  data-param=\"SearchText\" aria-describedby=\"keyword-help\" value=\"\" \/><span id=\"keyword-help\" class=\"visually-hidden sr-only\" aria-live=\"polite\">Begin typing to find suggestions.<\/span><span class=\"w-form-row-field-bar\"><\/span><\/div><input type=\"hidden\" name=\"fuzzy\" id=\"cws_quickjobsearch_fuzzy\" data-param=\"fuzzy\" value=\"\" \/><\/div><\/div><div class=\"quicksearch-field quicksearch-primary_category  flex_column fusion-layout-column fusion-one-fifth  horizontal\"><div class=\"search-control-container container-primary-category\"><div class=\"w-form-row-label\"><label for=\"cws_quickjobsearch_primary_category\">Domaines d\u2019emploi<\/label><\/div><select name=\"category\" id=\"cws_quickjobsearch_primary_category\" class=\"text_select\" data-param=\"facet\" data-facet=\"primary_category\"><option value=\"\">Recherche par domaine d'emploi<\/option><option value=\"Asset Protection and Safety Services\" >Asset Protection and Safety Services<\/option><option value=\"Brand and Business Strategy\" >Brand and Business Strategy<\/option><option value=\"Cafe\" >Cafe<\/option><option value=\"Creative Services\" >Creative Services<\/option><option value=\"Design\" >Design<\/option><option value=\"Digital\" >Digital<\/option><option value=\"Distribution Center Operations\" >Distribution Center Operations<\/option><option value=\"Facilities\" >Facilities<\/option><option value=\"Finance\" >Finance<\/option><option value=\"Human Resources\" >Human Resources<\/option><option value=\"Information Technology\" >Information Technology<\/option><option value=\"Legal\" >Legal<\/option><option value=\"Marketing\" >Marketing<\/option><option value=\"Merchandising\" >Merchandising<\/option><option value=\"Planning and Allocation\" >Planning and Allocation<\/option><option value=\"Production and Sourcing\" >Production and Sourcing<\/option><option value=\"Store Operations\" >Store Operations<\/option><option value=\"Store: Management\" >Store: Management<\/option><option value=\"Store: Sales and Support Associate\" >Store: Sales and Support Associate<\/option><option value=\"Technical Services\" >Technical Services<\/option><\/select><\/div><\/div><div class=\"quicksearch-field quicksearch-coordinates  flex_column fusion-layout-column fusion-one-fifth  horizontal\"><div class=\"w-form-row-label\"><label for=\"cws_quickjobsearch_location\">Emplacement<\/label><\/div><div class=\"location-wrapper location-wrapper with_geo\"><input type=\"text\"  class=\"text_input loc_auto\" name=\"location\" id=\"cws_quickjobsearch_location\"  placeholder=\"Recherche \u00e0 proximit\u00e9 d'un emplacement\"  data-param=\"Location\" value=\"\" aria-describedby=\"cws_quickjobsearch_location-description\" \/><button class=\"geolocation-icon fontawesome-icon fas\" id=\"geotooltip\" type=\"button\" tabindex=\"0\" aria-label=\"Use your current location\">&#xf3c5; <span class=\"geolocation-tooltip\"  role=\"tooltip\" aria-hidden=\"true\">Use your current location<\/span> <\/button><span id=\"cws_quickjobsearch_location-description\" style=\"display:none;\">Start typing a location to get suggestions, then press the down arrow to select one.<\/span><span id=\"cws_quickjobsearch_location_error\" style=\"display:none;\" class=\"location_error\">*Please select location from the dropdown<\/span><\/div><input type=\"hidden\" name=\"latitude\" id=\"cws_quickjobsearch_latitude\" data-param=\"latitude\" value=\"\" \/><input type=\"hidden\" name=\"longitude\" id=\"cws_quickjobsearch_longitude\" data-param=\"longitude\" value=\"\" \/><input type=\"hidden\" name=\"state\" id=\"cws_quickjobsearch_state\" data-param=\"facet\" data-facet=\"primary_state\" value=\"\" \/><input type=\"hidden\" name=\"country\" id=\"cws_quickjobsearch_country\" data-param=\"facet\" data-facet=\"primary_country\" value=\"\" \/><input type=\"hidden\" name=\"radius\" id=\"cws_quickjobsearch_radius\" value=\"25\" \/><input type=\"hidden\" name=\"statewide\" id=\"cws_quickjobsearch_statewide\" value=\"\" \/><input type=\"hidden\" name=\"nationwide\" id=\"cws_quickjobsearch_nationwide\" value=\"\" \/><\/div><div class=\"quicksearch-btn avia-builder-el-last flex_column fusion-layout-column fusion-one-fifth\"><input class=\"fusion-button button-default button-small quicksearch-submit\" type=\"submit\" value=\"Recherche\" \/><\/div><\/form><\/div><div class=\"fusion-additional-widget-content\"><\/div><\/div><\/div><\/div><div class=\"fusion-layout-column fusion_builder_column fusion-builder-column-1 fusion-flex-column fusion-flex-align-self-center bbw_banner_search_employee__link\" style=\"--awb-bg-size:cover;--awb-width-large:12%;--awb-margin-top-large:0px;--awb-spacing-right-large:10px;--awb-margin-bottom-large:20px;--awb-spacing-left-large:10px;--awb-width-medium:100%;--awb-order-medium:0;--awb-spacing-right-medium:10px;--awb-spacing-left-medium:10px;--awb-width-small:100%;--awb-order-small:0;--awb-spacing-right-small:10px;--awb-spacing-left-small:10px;\"><div class=\"fusion-column-wrapper fusion-column-has-shadow fusion-flex-justify-content-flex-start fusion-content-layout-column\"><div class=\"fusion-widget-area awb-widget-area-element fusion-widget-area-2 fusion-content-widget-area\" style=\"--awb-title-color:#666666;--awb-padding:0px 0px 0px 0px;\"><div id=\"custom_html-4\" class=\"widget_text widget widget_custom_html\" style=\"border-style: solid;border-color:transparent;border-width:0px;\"><div class=\"textwidget custom-html-widget\"><p><a href=\"https:\/\/lbrands.taleo.net\/careersection\/bbw_in\/jobsearch.ftl\" target=\"_blank\" >Employ\u00e9s &gt;<\/a><\/p><\/div><\/div><div class=\"fusion-additional-widget-content\"><\/div><\/div><\/div><\/div><\/div><\/div><div class=\"fusion-fullwidth fullwidth-box fusion-builder-row-2 fusion-flex-container nonhundred-percent-fullwidth non-hundred-percent-height-scrolling\" style=\"--awb-border-radius-top-left:0px;--awb-border-radius-top-right:0px;--awb-border-radius-bottom-right:0px;--awb-border-radius-bottom-left:0px;--awb-flex-wrap:wrap;\" aria-label=\"\" role=\"\" ><div class=\"fusion-builder-row fusion-row fusion-flex-align-items-flex-start fusion-flex-content-wrap\" style=\"max-width:1619.28px;margin-left: calc(-4% \/ 2 );margin-right: calc(-4% \/ 2 );\"><div class=\"fusion-layout-column fusion_builder_column fusion-builder-column-2 fusion_builder_column_1_1 1_1 fusion-flex-column\" style=\"--awb-bg-size:cover;--awb-width-large:100%;--awb-margin-top-large:0px;--awb-spacing-right-large:1.92%;--awb-margin-bottom-large:20px;--awb-spacing-left-large:1.92%;--awb-width-medium:100%;--awb-order-medium:0;--awb-spacing-right-medium:1.92%;--awb-spacing-left-medium:1.92%;--awb-width-small:100%;--awb-order-small:0;--awb-spacing-right-small:1.92%;--awb-spacing-left-small:1.92%;\"><div class=\"fusion-column-wrapper fusion-column-has-shadow fusion-flex-justify-content-flex-start fusion-content-layout-column\"><nav class=\"fusion-breadcrumbs awb-yoast-breadcrumbs fusion-breadcrumbs-1\" style=\"--awb-breadcrumb-sep:&#039;\/&#039;;\" aria-label=\"Breadcrumb\"><span><span><a href=\"https:\/\/careers.bathandbodyworks.com\/fr\/\">BATH &amp; BODY WORKS CAREERS HOME<\/a><\/span><\/span><\/nav><\/div><\/div><\/div><\/div><div class=\"fusion-fullwidth fullwidth-box fusion-builder-row-3 fusion-flex-container two_column_right_sidebar__container nonhundred-percent-fullwidth non-hundred-percent-height-scrolling\" style=\"--awb-border-radius-top-left:0px;--awb-border-radius-top-right:0px;--awb-border-radius-bottom-right:0px;--awb-border-radius-bottom-left:0px;--awb-padding-bottom:60px;--awb-padding-bottom-medium:30px;--awb-padding-bottom-small:5px;--awb-flex-wrap:wrap;\" aria-label=\"\" role=\"\" ><div class=\"fusion-builder-row fusion-row fusion-flex-align-items-flex-start fusion-flex-content-wrap\" style=\"max-width:1619.28px;margin-left: calc(-4% \/ 2 );margin-right: calc(-4% \/ 2 );\"><div class=\"fusion-layout-column fusion_builder_column fusion-builder-column-3 fusion_builder_column_3_4 3_4 fusion-flex-column two_column_left_section\" style=\"--awb-bg-size:cover;--awb-width-large:75%;--awb-margin-top-large:0px;--awb-spacing-right-large:2.56%;--awb-margin-bottom-large:20px;--awb-spacing-left-large:2.56%;--awb-width-medium:100%;--awb-order-medium:0;--awb-spacing-right-medium:1.92%;--awb-spacing-left-medium:1.92%;--awb-width-small:100%;--awb-order-small:0;--awb-spacing-right-small:1.92%;--awb-spacing-left-small:1.92%;\"><div class=\"fusion-column-wrapper fusion-column-has-shadow fusion-flex-justify-content-flex-start fusion-content-layout-column\"><div class=\"fusion-title title fusion-title-1 fusion-sep-none fusion-title-text fusion-title-size-one\"><h1 class=\"fusion-title-heading title-heading-left\" style=\"margin:0;\">CENTRES DE DISTRIBUTION<\/h1><\/div><div class=\"fusion-text fusion-text-1\"><p><span style=\"font-weight: 400;\">Les activit\u00e9s de nos centres de distribution permettent d\u2019acheminer des millions de produits exactement l\u00e0 o\u00f9 ils doivent \u00eatre. En bref, c\u2019est ce que nous faisons&#8230; mais la mani\u00e8re dont nous le faisons est aussi complexe et hautement technique.<\/span><\/p> <p><span style=\"font-weight: 400;\">Notre environnement tr\u00e8s dynamique offre des possibilit\u00e9s de carri\u00e8re aux dirigeants exp\u00e9riment\u00e9s ou aspirants ayant une expertise en exploitation et en gestion de la cha\u00eene d\u2019approvisionnement et en logistique. Des possibilit\u00e9s d\u2019influencer favorablement le rendement et de poursuivre le mouvement de la marchandise existent dans nos quatre principaux domaines de centre de distribution : vente directe au consommateur, d\u00e9taillant tiers, gestion des commandes de d\u00e9tail et exp\u00e9dition.<\/span><\/p> <p><span style=\"font-weight: 400;\">Nous sommes toujours \u00e0 la recherche d\u2019excellents candidats pour participer \u00e0 notre croissance. Nous offrons des postes allant de la manutention et du traitement de la marchandise aux chargeurs, aux op\u00e9rateurs de chariot \u00e9l\u00e9vateur et au traitement des retours. Tous ces postes permettent d\u2019offrir un emploi souple tout en soutenant un travail critique.<\/span><\/p> <\/div><\/div><\/div><div class=\"fusion-layout-column fusion_builder_column fusion-builder-column-4 fusion_builder_column_1_4 1_4 fusion-flex-column two_column_right_section\" style=\"--awb-bg-size:cover;--awb-width-large:25%;--awb-margin-top-large:0px;--awb-spacing-right-large:7.68%;--awb-margin-bottom-large:20px;--awb-spacing-left-large:7.68%;--awb-width-medium:100%;--awb-order-medium:0;--awb-spacing-right-medium:1.92%;--awb-spacing-left-medium:1.92%;--awb-width-small:100%;--awb-order-small:0;--awb-spacing-right-small:1.92%;--awb-spacing-left-small:1.92%;\"><div class=\"fusion-column-wrapper fusion-column-has-shadow fusion-flex-justify-content-flex-start fusion-content-layout-column\"><div class=\"fusion-widget-area awb-widget-area-element fusion-widget-area-3 fusion-content-widget-area siderbar__events\" style=\"--awb-title-size:24px;--awb-title-color:#666666;--awb-padding:0px 0px 0px 0px;\"><div class=\"fusion-additional-widget-content\"><\/div><\/div><\/div><\/div><\/div><\/div><\/p>\n","protected":false},"excerpt":{"rendered":"","protected":false},"author":1,"featured_media":0,"parent":967,"menu_order":0,"comment_status":"closed","ping_status":"closed","template":"100-width.php","meta":{"footnotes":""},"persona":[],"class_list":["post-1000","page","type-page","status-publish","hentry"],"yoast_head":"<!-- This site is optimized with the Yoast SEO Premium plugin v23.0 (Yoast SEO v23.0) - https:\/\/yoast.com\/wordpress\/plugins\/seo\/ -->\n<title>Centres de distribution \u2013 Emplois chez Bath and Body Works<\/title>\n<meta name=\"description\" content=\"Apprenez-en plus sur la fa\u00e7on dont nous travaillons en arri\u00e8re-plan pour satisfaire nos clients chaque jour gr\u00e2ce \u00e0 nos emplois dans les centres de distribution.\" \/>\n<meta name=\"robots\" content=\"index, follow, max-snippet:-1, max-image-preview:large, max-video-preview:-1\" \/>\n<link rel=\"canonical\" href=\"https:\/\/careers.bathandbodyworks.com\/fr\/domaines-demploi\/centres-de-distribution\/\" \/>\n<meta property=\"og:locale\" content=\"fr_FR\" \/>\n<meta property=\"og:type\" content=\"article\" \/>\n<meta property=\"og:title\" content=\"CENTRES DE DISTRIBUTION\" \/>\n<meta property=\"og:description\" content=\"Apprenez-en plus sur la fa\u00e7on dont nous travaillons en arri\u00e8re-plan pour satisfaire nos clients chaque jour gr\u00e2ce \u00e0 nos emplois dans les centres de distribution.\" \/>\n<meta property=\"og:url\" content=\"https:\/\/careers.bathandbodyworks.com\/fr\/domaines-demploi\/centres-de-distribution\/\" \/>\n<meta property=\"og:site_name\" content=\"Bath &amp; Body Works\" \/>\n<meta property=\"article:modified_time\" content=\"2024-10-10T08:33:35+00:00\" \/>\n<meta property=\"og:image\" content=\"https:\/\/bathandbodyworks.site.findly.com\/wp-content\/uploads\/sites\/1635\/2023\/12\/bbw-storefront-banner-image.jpg\" \/>\n\t<meta property=\"og:image:width\" content=\"1903\" \/>\n\t<meta property=\"og:image:height\" content=\"1004\" \/>\n\t<meta property=\"og:image:type\" content=\"image\/jpeg\" \/>\n<meta name=\"twitter:card\" content=\"summary_large_image\" \/>\n<meta name=\"twitter:label1\" content=\"Dur\u00e9e de lecture estim\u00e9e\" \/>\n\t<meta name=\"twitter:data1\" content=\"5 minutes\" \/>\n<script type=\"application\/ld+json\" class=\"yoast-schema-graph\">{\"@context\":\"https:\/\/schema.org\",\"@graph\":[{\"@type\":\"WebPage\",\"@id\":\"https:\/\/careers.bathandbodyworks.com\/fr\/domaines-demploi\/centres-de-distribution\/\",\"url\":\"https:\/\/careers.bathandbodyworks.com\/fr\/domaines-demploi\/centres-de-distribution\/\",\"name\":\"Centres de distribution \u2013 Emplois chez Bath and Body Works\",\"isPartOf\":{\"@id\":\"https:\/\/careers.bathandbodyworks.com\/en\/#website\"},\"datePublished\":\"2021-06-02T12:06:53+00:00\",\"dateModified\":\"2024-10-10T08:33:35+00:00\",\"description\":\"Apprenez-en plus sur la fa\u00e7on dont nous travaillons en arri\u00e8re-plan pour satisfaire nos clients chaque jour gr\u00e2ce \u00e0 nos emplois dans les centres de distribution.\",\"breadcrumb\":{\"@id\":\"https:\/\/careers.bathandbodyworks.com\/fr\/domaines-demploi\/centres-de-distribution\/#breadcrumb\"},\"inLanguage\":\"fr-FR\",\"potentialAction\":[{\"@type\":\"ReadAction\",\"target\":[\"https:\/\/careers.bathandbodyworks.com\/fr\/domaines-demploi\/centres-de-distribution\/\"]}]},{\"@type\":\"BreadcrumbList\",\"@id\":\"https:\/\/careers.bathandbodyworks.com\/fr\/domaines-demploi\/centres-de-distribution\/#breadcrumb\",\"itemListElement\":[{\"@type\":\"ListItem\",\"position\":1,\"name\":\"BATH &amp; BODY WORKS CAREERS HOME\",\"item\":\"https:\/\/careers.bathandbodyworks.com\/fr\/\"},{\"@type\":\"ListItem\",\"position\":2,\"name\":\"DOMAINES D\u2019EMPLOI\",\"item\":\"https:\/\/careers.bathandbodyworks.com\/fr\/domaines-demploi\/\"},{\"@type\":\"ListItem\",\"position\":3,\"name\":\"CENTRES DE DISTRIBUTION\"}]},{\"@type\":\"WebSite\",\"@id\":\"https:\/\/careers.bathandbodyworks.com\/en\/#website\",\"url\":\"https:\/\/careers.bathandbodyworks.com\/en\/\",\"name\":\"Bath &amp; Body Works\",\"description\":\"Bath &amp; Body Works\",\"potentialAction\":[{\"@type\":\"SearchAction\",\"target\":{\"@type\":\"EntryPoint\",\"urlTemplate\":\"https:\/\/careers.bathandbodyworks.com\/en\/?s={search_term_string}\"},\"query-input\":\"required name=search_term_string\"}],\"inLanguage\":\"fr-FR\"}]}<\/script>\n<!-- \/ Yoast SEO Premium plugin. -->","yoast_head_json":{"title":"Centres de distribution \u2013 Emplois chez Bath and Body Works","description":"Apprenez-en plus sur la fa\u00e7on dont nous travaillons en arri\u00e8re-plan pour satisfaire nos clients chaque jour gr\u00e2ce \u00e0 nos emplois dans les centres de distribution.","robots":{"index":"index","follow":"follow","max-snippet":"max-snippet:-1","max-image-preview":"max-image-preview:large","max-video-preview":"max-video-preview:-1"},"canonical":"https:\/\/careers.bathandbodyworks.com\/fr\/domaines-demploi\/centres-de-distribution\/","og_locale":"fr_FR","og_type":"article","og_title":"CENTRES DE DISTRIBUTION","og_description":"Apprenez-en plus sur la fa\u00e7on dont nous travaillons en arri\u00e8re-plan pour satisfaire nos clients chaque jour gr\u00e2ce \u00e0 nos emplois dans les centres de distribution.","og_url":"https:\/\/careers.bathandbodyworks.com\/fr\/domaines-demploi\/centres-de-distribution\/","og_site_name":"Bath &amp; Body Works","article_modified_time":"2024-10-10T08:33:35+00:00","og_image":[{"width":1903,"height":1004,"url":"https:\/\/bathandbodyworks.site.findly.com\/wp-content\/uploads\/sites\/1635\/2023\/12\/bbw-storefront-banner-image.jpg","type":"image\/jpeg"}],"twitter_card":"summary_large_image","twitter_misc":{"Dur\u00e9e de lecture estim\u00e9e":"5 minutes"},"schema":{"@context":"https:\/\/schema.org","@graph":[{"@type":"WebPage","@id":"https:\/\/careers.bathandbodyworks.com\/fr\/domaines-demploi\/centres-de-distribution\/","url":"https:\/\/careers.bathandbodyworks.com\/fr\/domaines-demploi\/centres-de-distribution\/","name":"Centres de distribution \u2013 Emplois chez Bath and Body Works","isPartOf":{"@id":"https:\/\/careers.bathandbodyworks.com\/en\/#website"},"datePublished":"2021-06-02T12:06:53+00:00","dateModified":"2024-10-10T08:33:35+00:00","description":"Apprenez-en plus sur la fa\u00e7on dont nous travaillons en arri\u00e8re-plan pour satisfaire nos clients chaque jour gr\u00e2ce \u00e0 nos emplois dans les centres de distribution.","breadcrumb":{"@id":"https:\/\/careers.bathandbodyworks.com\/fr\/domaines-demploi\/centres-de-distribution\/#breadcrumb"},"inLanguage":"fr-FR","potentialAction":[{"@type":"ReadAction","target":["https:\/\/careers.bathandbodyworks.com\/fr\/domaines-demploi\/centres-de-distribution\/"]}]},{"@type":"BreadcrumbList","@id":"https:\/\/careers.bathandbodyworks.com\/fr\/domaines-demploi\/centres-de-distribution\/#breadcrumb","itemListElement":[{"@type":"ListItem","position":1,"name":"BATH &amp; BODY WORKS CAREERS HOME","item":"https:\/\/careers.bathandbodyworks.com\/fr\/"},{"@type":"ListItem","position":2,"name":"DOMAINES D\u2019EMPLOI","item":"https:\/\/careers.bathandbodyworks.com\/fr\/domaines-demploi\/"},{"@type":"ListItem","position":3,"name":"CENTRES DE DISTRIBUTION"}]},{"@type":"WebSite","@id":"https:\/\/careers.bathandbodyworks.com\/en\/#website","url":"https:\/\/careers.bathandbodyworks.com\/en\/","name":"Bath &amp; Body Works","description":"Bath &amp; Body Works","potentialAction":[{"@type":"SearchAction","target":{"@type":"EntryPoint","urlTemplate":"https:\/\/careers.bathandbodyworks.com\/en\/?s={search_term_string}"},"query-input":"required name=search_term_string"}],"inLanguage":"fr-FR"}]}},"_links":{"self":[{"href":"https:\/\/bathandbodyworks.site.findly.com\/fr\/wp-json\/wp\/v2\/pages\/1000","targetHints":{"allow":["GET"]}}],"collection":[{"href":"https:\/\/bathandbodyworks.site.findly.com\/fr\/wp-json\/wp\/v2\/pages"}],"about":[{"href":"https:\/\/bathandbodyworks.site.findly.com\/fr\/wp-json\/wp\/v2\/types\/page"}],"author":[{"embeddable":true,"href":"https:\/\/bathandbodyworks.site.findly.com\/fr\/wp-json\/wp\/v2\/users\/1"}],"replies":[{"embeddable":true,"href":"https:\/\/bathandbodyworks.site.findly.com\/fr\/wp-json\/wp\/v2\/comments?post=1000"}],"version-history":[{"count":2,"href":"https:\/\/bathandbodyworks.site.findly.com\/fr\/wp-json\/wp\/v2\/pages\/1000\/revisions"}],"predecessor-version":[{"id":3044,"href":"https:\/\/bathandbodyworks.site.findly.com\/fr\/wp-json\/wp\/v2\/pages\/1000\/revisions\/3044"}],"up":[{"embeddable":true,"href":"https:\/\/bathandbodyworks.site.findly.com\/fr\/wp-json\/wp\/v2\/pages\/967"}],"wp:attachment":[{"href":"https:\/\/bathandbodyworks.site.findly.com\/fr\/wp-json\/wp\/v2\/media?parent=1000"}],"wp:term":[{"taxonomy":"persona","embeddable":true,"href":"https:\/\/bathandbodyworks.site.findly.com\/fr\/wp-json\/wp\/v2\/persona?post=1000"}],"curies":[{"name":"wp","href":"https:\/\/api.w.org\/{rel}","templated":true}]}}